{"id":453,"date":"2021-09-10T11:46:27","date_gmt":"2021-09-10T11:46:27","guid":{"rendered":"https:\/\/envothemes.com\/envo-shopper\/?page_id=453"},"modified":"2026-03-04T15:11:22","modified_gmt":"2026-03-04T15:11:22","slug":"altr-homepage","status":"publish","type":"page","link":"https:\/\/evocoffeefood.com\/","title":{"rendered":"Altr Homepage"},"content":{"rendered":"\t\t<div data-elementor-type=\"wp-page\" data-elementor-id=\"453\" class=\"elementor elementor-453\">\n\t\t\t\t<div class=\"elementor-element elementor-element-aed1d87 e-grid e-con-boxed e-con e-parent\" data-id=\"aed1d87\" data-element_type=\"container\" data-e-type=\"container\">\n\t\t\t\t\t<div class=\"e-con-inner\">\n\t\t\t\t<div class=\"elementor-element elementor-element-61b097b elementor-widget elementor-widget-image\" data-id=\"61b097b\" data-element_type=\"widget\" data-e-type=\"widget\" data-widget_type=\"image.default\">\n\t\t\t\t\t\t\t\t\t\t\t\t<figure class=\"wp-caption\">\n\t\t\t\t\t\t\t\t\t\t\t<a href=\"https:\/\/evocoffeefood.com\/?product_cat=kahveler\">\n\t\t\t\t\t\t\t<img fetchpriority=\"high\" decoding=\"async\" width=\"1024\" height=\"1024\" src=\"https:\/\/evocoffeefood.com\/wp-content\/uploads\/2026\/03\/Kahveler.png\" class=\"attachment-large size-large wp-image-537\" alt=\"56\u2019larda Lavazza \u00e7ekirdekleriyle ger\u00e7ek kahve\" srcset=\"https:\/\/evocoffeefood.com\/wp-content\/uploads\/2026\/03\/Kahveler.png 1024w, https:\/\/evocoffeefood.com\/wp-content\/uploads\/2026\/03\/Kahveler-300x300.png 300w, https:\/\/evocoffeefood.com\/wp-content\/uploads\/2026\/03\/Kahveler-100x100.png 100w, https:\/\/evocoffeefood.com\/wp-content\/uploads\/2026\/03\/Kahveler-600x600.png 600w, https:\/\/evocoffeefood.com\/wp-content\/uploads\/2026\/03\/Kahveler-150x150.png 150w, https:\/\/evocoffeefood.com\/wp-content\/uploads\/2026\/03\/Kahveler-768x768.png 768w\" sizes=\"(max-width: 1024px) 100vw, 1024px\" \/>\t\t\t\t\t\t\t\t<\/a>\n\t\t\t\t\t\t\t\t\t\t\t<figcaption class=\"widget-image-caption wp-caption-text\">KAHVELER<\/figcaption>\n\t\t\t\t\t\t\t\t\t\t<\/figure>\n\t\t\t\t\t\t\t\t\t<\/div>\n\t\t\t\t<div class=\"elementor-element elementor-element-605baaa elementor-widget elementor-widget-image\" data-id=\"605baaa\" data-element_type=\"widget\" data-e-type=\"widget\" data-widget_type=\"image.default\">\n\t\t\t\t\t\t\t\t\t\t\t\t<figure class=\"wp-caption\">\n\t\t\t\t\t\t\t\t\t\t\t<a href=\"https:\/\/evocoffeefood.com\/?product_cat=diger-icecekler\">\n\t\t\t\t\t\t\t<img decoding=\"async\" width=\"1024\" height=\"1024\" src=\"https:\/\/evocoffeefood.com\/wp-content\/uploads\/2026\/03\/evo-coffee-fodd-icecekler.png\" class=\"attachment-large size-large wp-image-545\" alt=\"56 larda serinleten so\u011fuk i\u00e7ecekler\" srcset=\"https:\/\/evocoffeefood.com\/wp-content\/uploads\/2026\/03\/evo-coffee-fodd-icecekler.png 1024w, https:\/\/evocoffeefood.com\/wp-content\/uploads\/2026\/03\/evo-coffee-fodd-icecekler-300x300.png 300w, https:\/\/evocoffeefood.com\/wp-content\/uploads\/2026\/03\/evo-coffee-fodd-icecekler-100x100.png 100w, https:\/\/evocoffeefood.com\/wp-content\/uploads\/2026\/03\/evo-coffee-fodd-icecekler-600x600.png 600w, https:\/\/evocoffeefood.com\/wp-content\/uploads\/2026\/03\/evo-coffee-fodd-icecekler-150x150.png 150w, https:\/\/evocoffeefood.com\/wp-content\/uploads\/2026\/03\/evo-coffee-fodd-icecekler-768x768.png 768w\" sizes=\"(max-width: 1024px) 100vw, 1024px\" \/>\t\t\t\t\t\t\t\t<\/a>\n\t\t\t\t\t\t\t\t\t\t\t<figcaption class=\"widget-image-caption wp-caption-text\">D\u0130\u011eER \u0130\u00c7ECEKLER<\/figcaption>\n\t\t\t\t\t\t\t\t\t\t<\/figure>\n\t\t\t\t\t\t\t\t\t<\/div>\n\t\t\t\t<div class=\"elementor-element elementor-element-fab112e elementor-widget elementor-widget-image\" data-id=\"fab112e\" data-element_type=\"widget\" data-e-type=\"widget\" data-widget_type=\"image.default\">\n\t\t\t\t\t\t\t\t\t\t\t\t<figure class=\"wp-caption\">\n\t\t\t\t\t\t\t\t\t\t\t<a href=\"https:\/\/evocoffeefood.com\/?product_cat=tatlilar-ve-pastalar\">\n\t\t\t\t\t\t\t<img decoding=\"async\" width=\"1024\" height=\"1024\" src=\"https:\/\/evocoffeefood.com\/wp-content\/uploads\/2026\/03\/tatlilar-ve-pastalar.png\" class=\"attachment-large size-large wp-image-613\" alt=\"\" srcset=\"https:\/\/evocoffeefood.com\/wp-content\/uploads\/2026\/03\/tatlilar-ve-pastalar.png 1024w, https:\/\/evocoffeefood.com\/wp-content\/uploads\/2026\/03\/tatlilar-ve-pastalar-300x300.png 300w, https:\/\/evocoffeefood.com\/wp-content\/uploads\/2026\/03\/tatlilar-ve-pastalar-100x100.png 100w, https:\/\/evocoffeefood.com\/wp-content\/uploads\/2026\/03\/tatlilar-ve-pastalar-600x600.png 600w, https:\/\/evocoffeefood.com\/wp-content\/uploads\/2026\/03\/tatlilar-ve-pastalar-150x150.png 150w, https:\/\/evocoffeefood.com\/wp-content\/uploads\/2026\/03\/tatlilar-ve-pastalar-768x768.png 768w\" sizes=\"(max-width: 1024px) 100vw, 1024px\" \/>\t\t\t\t\t\t\t\t<\/a>\n\t\t\t\t\t\t\t\t\t\t\t<figcaption class=\"widget-image-caption wp-caption-text\">Tatl\u0131lar ve Pastalar<\/figcaption>\n\t\t\t\t\t\t\t\t\t\t<\/figure>\n\t\t\t\t\t\t\t\t\t<\/div>\n\t\t\t\t\t<\/div>\n\t\t\t\t<\/div>\n\t\t<div class=\"elementor-element elementor-element-3fc67d5 e-grid e-con-boxed e-con e-parent\" data-id=\"3fc67d5\" data-element_type=\"container\" data-e-type=\"container\">\n\t\t\t\t\t<div class=\"e-con-inner\">\n\t\t\t\t<div class=\"elementor-element elementor-element-86e0813 elementor-widget elementor-widget-image\" data-id=\"86e0813\" data-element_type=\"widget\" data-e-type=\"widget\" data-widget_type=\"image.default\">\n\t\t\t\t\t\t\t\t\t\t\t\t<figure class=\"wp-caption\">\n\t\t\t\t\t\t\t\t\t\t\t<a href=\"https:\/\/evocoffeefood.com\/?product_cat=pizzalar-ve-makarnalar\">\n\t\t\t\t\t\t\t<img loading=\"lazy\" decoding=\"async\" width=\"1024\" height=\"1024\" src=\"https:\/\/evocoffeefood.com\/wp-content\/uploads\/2026\/03\/yemekler.png\" class=\"attachment-large size-large wp-image-612\" alt=\"\" srcset=\"https:\/\/evocoffeefood.com\/wp-content\/uploads\/2026\/03\/yemekler.png 1024w, https:\/\/evocoffeefood.com\/wp-content\/uploads\/2026\/03\/yemekler-300x300.png 300w, https:\/\/evocoffeefood.com\/wp-content\/uploads\/2026\/03\/yemekler-100x100.png 100w, https:\/\/evocoffeefood.com\/wp-content\/uploads\/2026\/03\/yemekler-600x600.png 600w, https:\/\/evocoffeefood.com\/wp-content\/uploads\/2026\/03\/yemekler-150x150.png 150w, https:\/\/evocoffeefood.com\/wp-content\/uploads\/2026\/03\/yemekler-768x768.png 768w\" sizes=\"(max-width: 1024px) 100vw, 1024px\" \/>\t\t\t\t\t\t\t\t<\/a>\n\t\t\t\t\t\t\t\t\t\t\t<figcaption class=\"widget-image-caption wp-caption-text\">Pizzalar &amp; Makarnalar<\/figcaption>\n\t\t\t\t\t\t\t\t\t\t<\/figure>\n\t\t\t\t\t\t\t\t\t<\/div>\n\t\t\t\t<div class=\"elementor-element elementor-element-a263965 elementor-widget elementor-widget-image\" data-id=\"a263965\" data-element_type=\"widget\" data-e-type=\"widget\" data-widget_type=\"image.default\">\n\t\t\t\t\t\t\t\t\t\t\t\t<figure class=\"wp-caption\">\n\t\t\t\t\t\t\t\t\t\t\t<a href=\"https:\/\/evocoffeefood.com\/?product_cat=kahvalti-atistirmalik\">\n\t\t\t\t\t\t\t<img loading=\"lazy\" decoding=\"async\" width=\"1024\" height=\"1024\" src=\"https:\/\/evocoffeefood.com\/wp-content\/uploads\/2026\/03\/kahvalti-ve-atistirmaliklar.png\" class=\"attachment-large size-large wp-image-609\" alt=\"\" srcset=\"https:\/\/evocoffeefood.com\/wp-content\/uploads\/2026\/03\/kahvalti-ve-atistirmaliklar.png 1024w, https:\/\/evocoffeefood.com\/wp-content\/uploads\/2026\/03\/kahvalti-ve-atistirmaliklar-300x300.png 300w, https:\/\/evocoffeefood.com\/wp-content\/uploads\/2026\/03\/kahvalti-ve-atistirmaliklar-100x100.png 100w, https:\/\/evocoffeefood.com\/wp-content\/uploads\/2026\/03\/kahvalti-ve-atistirmaliklar-600x600.png 600w, https:\/\/evocoffeefood.com\/wp-content\/uploads\/2026\/03\/kahvalti-ve-atistirmaliklar-150x150.png 150w, https:\/\/evocoffeefood.com\/wp-content\/uploads\/2026\/03\/kahvalti-ve-atistirmaliklar-768x768.png 768w\" sizes=\"(max-width: 1024px) 100vw, 1024px\" \/>\t\t\t\t\t\t\t\t<\/a>\n\t\t\t\t\t\t\t\t\t\t\t<figcaption class=\"widget-image-caption wp-caption-text\">Kahvalt\u0131 &amp; At\u0131\u015ft\u0131rmal\u0131k<\/figcaption>\n\t\t\t\t\t\t\t\t\t\t<\/figure>\n\t\t\t\t\t\t\t\t\t<\/div>\n\t\t\t\t\t<\/div>\n\t\t\t\t<\/div>\n\t\t\t\t<section class=\"elementor-section elementor-top-section elementor-element elementor-element-444dfc29 elementor-section-boxed elementor-section-height-default elementor-section-height-default\" data-id=\"444dfc29\" data-element_type=\"section\" data-e-type=\"section\" data-settings=\"{&quot;background_background&quot;:&quot;classic&quot;}\">\n\t\t\t\t\t\t<div class=\"elementor-container elementor-column-gap-no\">\n\t\t\t\t\t<div class=\"elementor-column elementor-col-100 elementor-top-column elementor-element elementor-element-cb175af\" data-id=\"cb175af\" data-element_type=\"column\" data-e-type=\"column\">\n\t\t\t<div class=\"elementor-widget-wrap\">\n\t\t\t\t\t\t\t<\/div>\n\t\t<\/div>\n\t\t\t\t\t<\/div>\n\t\t<\/section>\n\t\t\t\t<\/div>\n\t\t","protected":false},"excerpt":{"rendered":"<p>KAHVELER D\u0130\u011eER \u0130\u00c7ECEKLER Tatl\u0131lar ve Pastalar Pizzalar &amp; Makarnalar Kahvalt\u0131 &amp; At\u0131\u015ft\u0131rmal\u0131k<\/p>\n","protected":false},"author":1,"featured_media":0,"parent":0,"menu_order":0,"comment_status":"closed","ping_status":"closed","template":"templates\/template-page-builders.php","meta":{"footnotes":""},"class_list":["post-453","page","type-page","status-publish","hentry"],"_links":{"self":[{"href":"https:\/\/evocoffeefood.com\/index.php?rest_route=\/wp\/v2\/pages\/453","targetHints":{"allow":["GET"]}}],"collection":[{"href":"https:\/\/evocoffeefood.com\/index.php?rest_route=\/wp\/v2\/pages"}],"about":[{"href":"https:\/\/evocoffeefood.com\/index.php?rest_route=\/wp\/v2\/types\/page"}],"author":[{"embeddable":true,"href":"https:\/\/evocoffeefood.com\/index.php?rest_route=\/wp\/v2\/users\/1"}],"replies":[{"embeddable":true,"href":"https:\/\/evocoffeefood.com\/index.php?rest_route=%2Fwp%2Fv2%2Fcomments&post=453"}],"version-history":[{"count":39,"href":"https:\/\/evocoffeefood.com\/index.php?rest_route=\/wp\/v2\/pages\/453\/revisions"}],"predecessor-version":[{"id":643,"href":"https:\/\/evocoffeefood.com\/index.php?rest_route=\/wp\/v2\/pages\/453\/revisions\/643"}],"wp:attachment":[{"href":"https:\/\/evocoffeefood.com\/index.php?rest_route=%2Fwp%2Fv2%2Fmedia&parent=453"}],"curies":[{"name":"wp","href":"https:\/\/api.w.org\/{rel}","templated":true}]}}