{"id":696,"date":"2026-03-06T06:23:41","date_gmt":"2026-03-06T06:23:41","guid":{"rendered":"https:\/\/evocoffeefood.com\/?page_id=696"},"modified":"2026-03-06T06:24:53","modified_gmt":"2026-03-06T06:24:53","slug":"iletisim","status":"publish","type":"page","link":"https:\/\/evocoffeefood.com\/?page_id=696","title":{"rendered":"\u0130leti\u015fim"},"content":{"rendered":"\n<h2 class=\"wp-block-heading\">Adres : K\u0131l\u0131\u00e7dede Mahallesi \u0130stiklal Caddesi No:181\/34 55060 \u0130lkad\u0131m Samsun <\/h2>\n\n\n\n<h3 class=\"wp-block-heading\">Rezervasyon : <a href=\"tel:05449115575\">0544 911 55 75<\/a><\/h3>\n\n\n\n<p><\/p>\n","protected":false},"excerpt":{"rendered":"<p>Adres : K\u0131l\u0131\u00e7dede Mahallesi \u0130stiklal Caddesi No:181\/34 55060 \u0130lkad\u0131m Samsun Rezervasyon : 0544 911 55 75<\/p>\n","protected":false},"author":1,"featured_media":0,"parent":0,"menu_order":0,"comment_status":"closed","ping_status":"closed","template":"","meta":{"footnotes":""},"class_list":["post-696","page","type-page","status-publish","hentry"],"_links":{"self":[{"href":"https:\/\/evocoffeefood.com\/index.php?rest_route=\/wp\/v2\/pages\/696","targetHints":{"allow":["GET"]}}],"collection":[{"href":"https:\/\/evocoffeefood.com\/index.php?rest_route=\/wp\/v2\/pages"}],"about":[{"href":"https:\/\/evocoffeefood.com\/index.php?rest_route=\/wp\/v2\/types\/page"}],"author":[{"embeddable":true,"href":"https:\/\/evocoffeefood.com\/index.php?rest_route=\/wp\/v2\/users\/1"}],"replies":[{"embeddable":true,"href":"https:\/\/evocoffeefood.com\/index.php?rest_route=%2Fwp%2Fv2%2Fcomments&post=696"}],"version-history":[{"count":2,"href":"https:\/\/evocoffeefood.com\/index.php?rest_route=\/wp\/v2\/pages\/696\/revisions"}],"predecessor-version":[{"id":699,"href":"https:\/\/evocoffeefood.com\/index.php?rest_route=\/wp\/v2\/pages\/696\/revisions\/699"}],"wp:attachment":[{"href":"https:\/\/evocoffeefood.com\/index.php?rest_route=%2Fwp%2Fv2%2Fmedia&parent=696"}],"curies":[{"name":"wp","href":"https:\/\/api.w.org\/{rel}","templated":true}]}}