{"id":675,"date":"2026-03-05T09:34:27","date_gmt":"2026-03-05T09:34:27","guid":{"rendered":"https:\/\/evocoffeefood.com\/?post_type=product&#038;p=675"},"modified":"2026-03-05T09:34:27","modified_gmt":"2026-03-05T09:34:27","slug":"latte-macchiato","status":"publish","type":"product","link":"https:\/\/evocoffeefood.com\/?product=latte-macchiato","title":{"rendered":"Latte Macchiato"},"content":{"rendered":"<p>Latte Macchiato, s\u0131cak s\u00fct \u00fczerine eklenen Lavazza espresso ile haz\u0131rlanan katmanl\u0131 s\u00fctl\u00fc kahve \u00e7e\u015fididir. Yumu\u015fak i\u00e7imi, kremams\u0131 s\u00fct dokusu ve dengeli espresso aromas\u0131yla modern kahve k\u00fclt\u00fcr\u00fcn\u00fcn en sevilen i\u00e7eceklerinden biridir.<\/p>\n","protected":false},"excerpt":{"rendered":"<p>S\u0131cak s\u00fct \u00fczerine eklenen Lavazza espresso ile haz\u0131rlanan katmanl\u0131 latte macchiato.<\/p>\n","protected":false},"featured_media":676,"template":"","meta":[],"product_brand":[60],"product_cat":[45,31,44],"product_tag":[58,51,77,76,75,71],"class_list":{"0":"post-675","1":"product","2":"type-product","3":"status-publish","4":"has-post-thumbnail","6":"product_brand-evocoffeefood","7":"product_cat-kahveler","8":"product_cat-klasik-kahveler","9":"product_cat-urunler","10":"product_tag-italyan-kahve","11":"product_tag-kahve","12":"product_tag-katmanli-kahve","13":"product_tag-latte-macchiato","14":"product_tag-lavazza-latte","15":"product_tag-sutlu-kahve","17":"first","18":"instock","19":"shipping-taxable","20":"product-type-simple"},"_links":{"self":[{"href":"https:\/\/evocoffeefood.com\/index.php?rest_route=\/wp\/v2\/product\/675","targetHints":{"allow":["GET"]}}],"collection":[{"href":"https:\/\/evocoffeefood.com\/index.php?rest_route=\/wp\/v2\/product"}],"about":[{"href":"https:\/\/evocoffeefood.com\/index.php?rest_route=\/wp\/v2\/types\/product"}],"wp:featuredmedia":[{"embeddable":true,"href":"https:\/\/evocoffeefood.com\/index.php?rest_route=\/wp\/v2\/media\/676"}],"wp:attachment":[{"href":"https:\/\/evocoffeefood.com\/index.php?rest_route=%2Fwp%2Fv2%2Fmedia&parent=675"}],"wp:term":[{"taxonomy":"product_brand","embeddable":true,"href":"https:\/\/evocoffeefood.com\/index.php?rest_route=%2Fwp%2Fv2%2Fproduct_brand&post=675"},{"taxonomy":"product_cat","embeddable":true,"href":"https:\/\/evocoffeefood.com\/index.php?rest_route=%2Fwp%2Fv2%2Fproduct_cat&post=675"},{"taxonomy":"product_tag","embeddable":true,"href":"https:\/\/evocoffeefood.com\/index.php?rest_route=%2Fwp%2Fv2%2Fproduct_tag&post=675"}],"curies":[{"name":"wp","href":"https:\/\/api.w.org\/{rel}","templated":true}]}}