{"id":681,"date":"2026-03-05T09:53:40","date_gmt":"2026-03-05T09:53:40","guid":{"rendered":"https:\/\/evocoffeefood.com\/?post_type=product&#038;p=681"},"modified":"2026-03-05T09:53:40","modified_gmt":"2026-03-05T09:53:40","slug":"flat-white","status":"publish","type":"product","link":"https:\/\/evocoffeefood.com\/?product=flat-white","title":{"rendered":"Flat White"},"content":{"rendered":"<p>Flat White, Lavazza \u00e7ekirdeklerinden haz\u0131rlanan espresso \u00fczerine ince dokulu mikro s\u00fct k\u00f6p\u00fc\u011f\u00fc eklenerek haz\u0131rlan\u0131r. Yo\u011fun espresso aromas\u0131 ile yumu\u015fak s\u00fct dokusunun dengeli birle\u015fimi sayesinde g\u00fc\u00e7l\u00fc ama p\u00fcr\u00fczs\u00fcz bir kahve deneyimi sunar.<\/p>\n","protected":false},"excerpt":{"rendered":"<p>Lavazza espresso ve ince dokulu s\u00fct k\u00f6p\u00fc\u011f\u00fc ile haz\u0131rlanan dengeli flat white.<\/p>\n","protected":false},"featured_media":682,"template":"","meta":[],"product_brand":[60],"product_cat":[45,31,44],"product_tag":[68,84,85,51,86,71],"class_list":{"0":"post-681","1":"product","2":"type-product","3":"status-publish","4":"has-post-thumbnail","6":"product_brand-evocoffeefood","7":"product_cat-kahveler","8":"product_cat-klasik-kahveler","9":"product_cat-urunler","10":"product_tag-espresso-kahve","11":"product_tag-flat-white","12":"product_tag-flat-white-kahve","13":"product_tag-kahve","14":"product_tag-lavazza-flat-white","15":"product_tag-sutlu-kahve","17":"first","18":"instock","19":"shipping-taxable","20":"product-type-simple"},"_links":{"self":[{"href":"https:\/\/evocoffeefood.com\/index.php?rest_route=\/wp\/v2\/product\/681","targetHints":{"allow":["GET"]}}],"collection":[{"href":"https:\/\/evocoffeefood.com\/index.php?rest_route=\/wp\/v2\/product"}],"about":[{"href":"https:\/\/evocoffeefood.com\/index.php?rest_route=\/wp\/v2\/types\/product"}],"wp:featuredmedia":[{"embeddable":true,"href":"https:\/\/evocoffeefood.com\/index.php?rest_route=\/wp\/v2\/media\/682"}],"wp:attachment":[{"href":"https:\/\/evocoffeefood.com\/index.php?rest_route=%2Fwp%2Fv2%2Fmedia&parent=681"}],"wp:term":[{"taxonomy":"product_brand","embeddable":true,"href":"https:\/\/evocoffeefood.com\/index.php?rest_route=%2Fwp%2Fv2%2Fproduct_brand&post=681"},{"taxonomy":"product_cat","embeddable":true,"href":"https:\/\/evocoffeefood.com\/index.php?rest_route=%2Fwp%2Fv2%2Fproduct_cat&post=681"},{"taxonomy":"product_tag","embeddable":true,"href":"https:\/\/evocoffeefood.com\/index.php?rest_route=%2Fwp%2Fv2%2Fproduct_tag&post=681"}],"curies":[{"name":"wp","href":"https:\/\/api.w.org\/{rel}","templated":true}]}}