{"id":685,"date":"2026-03-05T16:28:03","date_gmt":"2026-03-05T16:28:03","guid":{"rendered":"https:\/\/evocoffeefood.com\/?post_type=product&#038;p=685"},"modified":"2026-03-05T16:28:03","modified_gmt":"2026-03-05T16:28:03","slug":"double-turk-kahvesi","status":"publish","type":"product","link":"https:\/\/evocoffeefood.com\/?product=double-turk-kahvesi","title":{"rendered":"Double T\u00fcrk Kahvesi"},"content":{"rendered":"<p data-start=\"416\" data-end=\"689\">Double T\u00fcrk Kahvesi, geleneksel y\u00f6ntemle cezvede haz\u0131rlanan T\u00fcrk kahvesinin \u00e7ift porsiyon olarak sunulan g\u00fc\u00e7l\u00fc versiyonudur. Yo\u011fun aromas\u0131, k\u00f6p\u00fc\u011f\u00fc ve g\u00fc\u00e7l\u00fc kahve karakteriyle klasik T\u00fcrk kahvesi deneyimini daha yo\u011fun bir \u015fekilde ya\u015famak isteyenler i\u00e7in ideal bir tercihtir.<\/p>\n","protected":false},"excerpt":{"rendered":"<p>Cezvede haz\u0131rlanan \u00e7ift porsiyon k\u00f6p\u00fckl\u00fc T\u00fcrk kahvesi.<\/p>\n","protected":false},"featured_media":686,"template":"","meta":[],"product_brand":[60],"product_cat":[45,31,44],"product_tag":[91,89,51,90,87,88],"class_list":{"0":"post-685","1":"product","2":"type-product","3":"status-publish","4":"has-post-thumbnail","6":"product_brand-evocoffeefood","7":"product_cat-kahveler","8":"product_cat-klasik-kahveler","9":"product_cat-urunler","10":"product_tag-double-turk-kahvesi","11":"product_tag-geleneksel-kahve","12":"product_tag-kahve","13":"product_tag-kopuklu-turk-kahvesi","14":"product_tag-turk-kahvesi","15":"product_tag-turkish-coffee","17":"first","18":"instock","19":"shipping-taxable","20":"product-type-simple"},"_links":{"self":[{"href":"https:\/\/evocoffeefood.com\/index.php?rest_route=\/wp\/v2\/product\/685","targetHints":{"allow":["GET"]}}],"collection":[{"href":"https:\/\/evocoffeefood.com\/index.php?rest_route=\/wp\/v2\/product"}],"about":[{"href":"https:\/\/evocoffeefood.com\/index.php?rest_route=\/wp\/v2\/types\/product"}],"wp:featuredmedia":[{"embeddable":true,"href":"https:\/\/evocoffeefood.com\/index.php?rest_route=\/wp\/v2\/media\/686"}],"wp:attachment":[{"href":"https:\/\/evocoffeefood.com\/index.php?rest_route=%2Fwp%2Fv2%2Fmedia&parent=685"}],"wp:term":[{"taxonomy":"product_brand","embeddable":true,"href":"https:\/\/evocoffeefood.com\/index.php?rest_route=%2Fwp%2Fv2%2Fproduct_brand&post=685"},{"taxonomy":"product_cat","embeddable":true,"href":"https:\/\/evocoffeefood.com\/index.php?rest_route=%2Fwp%2Fv2%2Fproduct_cat&post=685"},{"taxonomy":"product_tag","embeddable":true,"href":"https:\/\/evocoffeefood.com\/index.php?rest_route=%2Fwp%2Fv2%2Fproduct_tag&post=685"}],"curies":[{"name":"wp","href":"https:\/\/api.w.org\/{rel}","templated":true}]}}