{"id":690,"date":"2026-03-05T16:40:39","date_gmt":"2026-03-05T16:40:39","guid":{"rendered":"https:\/\/evocoffeefood.com\/?post_type=product&#038;p=690"},"modified":"2026-03-05T16:40:39","modified_gmt":"2026-03-05T16:40:39","slug":"double-damla-sakizli-turk-kahvesi","status":"publish","type":"product","link":"https:\/\/evocoffeefood.com\/?product=double-damla-sakizli-turk-kahvesi","title":{"rendered":"Double Damla Sak\u0131zl\u0131 T\u00fcrk Kahvesi"},"content":{"rendered":"<p>Double Damla Sak\u0131zl\u0131 T\u00fcrk Kahvesi, geleneksel T\u00fcrk kahvesinin damla sak\u0131z\u0131n\u0131n e\u015fsiz aromas\u0131yla zenginle\u015ftirilmi\u015f ve \u00e7ift porsiyon olarak haz\u0131rlanan \u00f6zel bir kahve \u00e7e\u015fididir. Cezvede pi\u015firilerek haz\u0131rlanan bu kahve, yo\u011fun aromas\u0131 ve ferah damla sak\u0131z\u0131 kokusuyla klasik T\u00fcrk kahvesine farkl\u0131 ve zengin bir lezzet deneyimi sunar.<\/p>\n","protected":false},"excerpt":{"rendered":"<p data-start=\"827\" data-end=\"900\">Damla sak\u0131z\u0131 aromas\u0131yla haz\u0131rlanan \u00e7ift porsiyon geleneksel T\u00fcrk kahvesi.<\/p>\n","protected":false},"featured_media":691,"template":"","meta":[],"product_brand":[60],"product_cat":[15],"product_tag":[92,91,89,51,93,88],"class_list":{"0":"post-690","1":"product","2":"type-product","3":"status-publish","4":"has-post-thumbnail","6":"product_brand-evocoffeefood","7":"product_cat-genel","8":"product_tag-damla-sakizli-turk-kahvesi","9":"product_tag-double-turk-kahvesi","10":"product_tag-geleneksel-kahve","11":"product_tag-kahve","12":"product_tag-sakizli-kahve","13":"product_tag-turkish-coffee","15":"first","16":"instock","17":"shipping-taxable","18":"product-type-simple"},"_links":{"self":[{"href":"https:\/\/evocoffeefood.com\/index.php?rest_route=\/wp\/v2\/product\/690","targetHints":{"allow":["GET"]}}],"collection":[{"href":"https:\/\/evocoffeefood.com\/index.php?rest_route=\/wp\/v2\/product"}],"about":[{"href":"https:\/\/evocoffeefood.com\/index.php?rest_route=\/wp\/v2\/types\/product"}],"wp:featuredmedia":[{"embeddable":true,"href":"https:\/\/evocoffeefood.com\/index.php?rest_route=\/wp\/v2\/media\/691"}],"wp:attachment":[{"href":"https:\/\/evocoffeefood.com\/index.php?rest_route=%2Fwp%2Fv2%2Fmedia&parent=690"}],"wp:term":[{"taxonomy":"product_brand","embeddable":true,"href":"https:\/\/evocoffeefood.com\/index.php?rest_route=%2Fwp%2Fv2%2Fproduct_brand&post=690"},{"taxonomy":"product_cat","embeddable":true,"href":"https:\/\/evocoffeefood.com\/index.php?rest_route=%2Fwp%2Fv2%2Fproduct_cat&post=690"},{"taxonomy":"product_tag","embeddable":true,"href":"https:\/\/evocoffeefood.com\/index.php?rest_route=%2Fwp%2Fv2%2Fproduct_tag&post=690"}],"curies":[{"name":"wp","href":"https:\/\/api.w.org\/{rel}","templated":true}]}}