{"id":709,"date":"2026-03-11T18:54:47","date_gmt":"2026-03-11T18:54:47","guid":{"rendered":"https:\/\/evocoffeefood.com\/?post_type=product&#038;p=709"},"modified":"2026-03-11T18:54:47","modified_gmt":"2026-03-11T18:54:47","slug":"chai-tea-latte","status":"publish","type":"product","link":"https:\/\/evocoffeefood.com\/?product=chai-tea-latte","title":{"rendered":"Chai Tea Latte"},"content":{"rendered":"<p>Chai Tea Latte, geleneksel chai \u00e7ay\u0131n\u0131n tar\u00e7\u0131n, karanfil ve zencefil gibi aromatik baharatlarla zenginle\u015ftirilmesi ve s\u0131cak s\u00fct ile haz\u0131rlanmas\u0131yla ortaya \u00e7\u0131kan \u00f6zel bir i\u00e7ecektir. Yumu\u015fak i\u00e7imi ve baharatl\u0131 aromas\u0131yla \u00f6zellikle farkl\u0131 lezzetler arayanlar i\u00e7in keyifli bir alternatif sunar.<\/p>\n","protected":false},"excerpt":{"rendered":"<p data-start=\"698\" data-end=\"770\">Baharatl\u0131 chai \u00e7ay\u0131 ve s\u0131cak s\u00fct ile haz\u0131rlanan aromatik chai tea latte.<\/p>\n","protected":false},"featured_media":710,"template":"","meta":[],"product_brand":[60],"product_cat":[45,32,44],"product_tag":[111,112,110,109,113],"class_list":{"0":"post-709","1":"product","2":"type-product","3":"status-publish","4":"has-post-thumbnail","6":"product_brand-evocoffeefood","7":"product_cat-kahveler","8":"product_cat-sicak-aromali-kahveler","9":"product_cat-urunler","10":"product_tag-baharatli-latte","11":"product_tag-chai-cayi","12":"product_tag-chai-latte","13":"product_tag-chai-tea-latte","14":"product_tag-sutlu-cay","16":"first","17":"instock","18":"shipping-taxable","19":"product-type-simple"},"_links":{"self":[{"href":"https:\/\/evocoffeefood.com\/index.php?rest_route=\/wp\/v2\/product\/709","targetHints":{"allow":["GET"]}}],"collection":[{"href":"https:\/\/evocoffeefood.com\/index.php?rest_route=\/wp\/v2\/product"}],"about":[{"href":"https:\/\/evocoffeefood.com\/index.php?rest_route=\/wp\/v2\/types\/product"}],"wp:featuredmedia":[{"embeddable":true,"href":"https:\/\/evocoffeefood.com\/index.php?rest_route=\/wp\/v2\/media\/710"}],"wp:attachment":[{"href":"https:\/\/evocoffeefood.com\/index.php?rest_route=%2Fwp%2Fv2%2Fmedia&parent=709"}],"wp:term":[{"taxonomy":"product_brand","embeddable":true,"href":"https:\/\/evocoffeefood.com\/index.php?rest_route=%2Fwp%2Fv2%2Fproduct_brand&post=709"},{"taxonomy":"product_cat","embeddable":true,"href":"https:\/\/evocoffeefood.com\/index.php?rest_route=%2Fwp%2Fv2%2Fproduct_cat&post=709"},{"taxonomy":"product_tag","embeddable":true,"href":"https:\/\/evocoffeefood.com\/index.php?rest_route=%2Fwp%2Fv2%2Fproduct_tag&post=709"}],"curies":[{"name":"wp","href":"https:\/\/api.w.org\/{rel}","templated":true}]}}