{"id":713,"date":"2026-03-11T19:01:45","date_gmt":"2026-03-11T19:01:45","guid":{"rendered":"https:\/\/evocoffeefood.com\/?post_type=product&#038;p=713"},"modified":"2026-03-11T19:01:45","modified_gmt":"2026-03-11T19:01:45","slug":"moka-pot","status":"publish","type":"product","link":"https:\/\/evocoffeefood.com\/?product=moka-pot","title":{"rendered":"Moka Pot"},"content":{"rendered":"<p>Moka Pot Kahvesi, geleneksel moka pot demleme y\u00f6ntemi kullan\u0131larak haz\u0131rlanan yo\u011fun aromal\u0131 bir kahvedir. Bas\u0131n\u00e7l\u0131 demleme sistemi sayesinde espressoya yak\u0131n g\u00fc\u00e7l\u00fc bir kahve karakteri sunar. Zengin aromas\u0131 ve dolgun g\u00f6vdesiyle klasik kahve severler i\u00e7in \u00f6zel bir alternatiftir.<\/p>\n","protected":false},"excerpt":{"rendered":"<p data-start=\"762\" data-end=\"813\">Moka pot y\u00f6ntemiyle haz\u0131rlanan yo\u011fun aromal\u0131 kahve.<\/p>\n","protected":false},"featured_media":714,"template":"","meta":[],"product_brand":[60],"product_cat":[45,32,44],"product_tag":[],"class_list":{"0":"post-713","1":"product","2":"type-product","3":"status-publish","4":"has-post-thumbnail","6":"product_brand-evocoffeefood","7":"product_cat-kahveler","8":"product_cat-sicak-aromali-kahveler","9":"product_cat-urunler","11":"first","12":"instock","13":"shipping-taxable","14":"product-type-simple"},"_links":{"self":[{"href":"https:\/\/evocoffeefood.com\/index.php?rest_route=\/wp\/v2\/product\/713","targetHints":{"allow":["GET"]}}],"collection":[{"href":"https:\/\/evocoffeefood.com\/index.php?rest_route=\/wp\/v2\/product"}],"about":[{"href":"https:\/\/evocoffeefood.com\/index.php?rest_route=\/wp\/v2\/types\/product"}],"wp:featuredmedia":[{"embeddable":true,"href":"https:\/\/evocoffeefood.com\/index.php?rest_route=\/wp\/v2\/media\/714"}],"wp:attachment":[{"href":"https:\/\/evocoffeefood.com\/index.php?rest_route=%2Fwp%2Fv2%2Fmedia&parent=713"}],"wp:term":[{"taxonomy":"product_brand","embeddable":true,"href":"https:\/\/evocoffeefood.com\/index.php?rest_route=%2Fwp%2Fv2%2Fproduct_brand&post=713"},{"taxonomy":"product_cat","embeddable":true,"href":"https:\/\/evocoffeefood.com\/index.php?rest_route=%2Fwp%2Fv2%2Fproduct_cat&post=713"},{"taxonomy":"product_tag","embeddable":true,"href":"https:\/\/evocoffeefood.com\/index.php?rest_route=%2Fwp%2Fv2%2Fproduct_tag&post=713"}],"curies":[{"name":"wp","href":"https:\/\/api.w.org\/{rel}","templated":true}]}}