{"id":715,"date":"2026-03-11T19:11:04","date_gmt":"2026-03-11T19:11:04","guid":{"rendered":"https:\/\/evocoffeefood.com\/?post_type=product&#038;p=715"},"modified":"2026-03-11T19:11:05","modified_gmt":"2026-03-11T19:11:05","slug":"cay","status":"publish","type":"product","link":"https:\/\/evocoffeefood.com\/?product=cay","title":{"rendered":"\u00c7ay"},"content":{"rendered":"<p data-start=\"406\" data-end=\"596\">\u00c7ay, \u00f6zenle demlenen kaliteli \u00e7ay yapraklar\u0131 ile haz\u0131rlanan geleneksel T\u00fcrk i\u00e7ece\u011fidir. Yo\u011fun aromas\u0131 ve dengeli tad\u0131 ile g\u00fcn\u00fcn her saatinde keyifle t\u00fcketilebilen klasik bir s\u0131cak i\u00e7ecektir.<\/p>\n","protected":false},"excerpt":{"rendered":"<p>Geleneksel y\u00f6ntemle haz\u0131rlanan demleme T\u00fcrk \u00e7ay\u0131.<\/p>\n","protected":false},"featured_media":716,"template":"","meta":[],"product_brand":[60],"product_cat":[46,33,44],"product_tag":[126,121,122,125,124,123],"class_list":{"0":"post-715","1":"product","2":"type-product","3":"status-publish","4":"has-post-thumbnail","6":"product_brand-evocoffeefood","7":"product_cat-diger-icecekler","8":"product_cat-sicak-icecekler","9":"product_cat-urunler","10":"product_tag-56lar","11":"product_tag-cay","12":"product_tag-demleme-cay","13":"product_tag-demli-cay","14":"product_tag-sicak-cay","15":"product_tag-turk-cayi","17":"first","18":"instock","19":"shipping-taxable","20":"product-type-simple"},"_links":{"self":[{"href":"https:\/\/evocoffeefood.com\/index.php?rest_route=\/wp\/v2\/product\/715","targetHints":{"allow":["GET"]}}],"collection":[{"href":"https:\/\/evocoffeefood.com\/index.php?rest_route=\/wp\/v2\/product"}],"about":[{"href":"https:\/\/evocoffeefood.com\/index.php?rest_route=\/wp\/v2\/types\/product"}],"wp:featuredmedia":[{"embeddable":true,"href":"https:\/\/evocoffeefood.com\/index.php?rest_route=\/wp\/v2\/media\/716"}],"wp:attachment":[{"href":"https:\/\/evocoffeefood.com\/index.php?rest_route=%2Fwp%2Fv2%2Fmedia&parent=715"}],"wp:term":[{"taxonomy":"product_brand","embeddable":true,"href":"https:\/\/evocoffeefood.com\/index.php?rest_route=%2Fwp%2Fv2%2Fproduct_brand&post=715"},{"taxonomy":"product_cat","embeddable":true,"href":"https:\/\/evocoffeefood.com\/index.php?rest_route=%2Fwp%2Fv2%2Fproduct_cat&post=715"},{"taxonomy":"product_tag","embeddable":true,"href":"https:\/\/evocoffeefood.com\/index.php?rest_route=%2Fwp%2Fv2%2Fproduct_tag&post=715"}],"curies":[{"name":"wp","href":"https:\/\/api.w.org\/{rel}","templated":true}]}}