{"id":717,"date":"2026-03-11T19:16:29","date_gmt":"2026-03-11T19:16:29","guid":{"rendered":"https:\/\/evocoffeefood.com\/?post_type=product&#038;p=717"},"modified":"2026-03-11T19:16:29","modified_gmt":"2026-03-11T19:16:29","slug":"fincan-cay","status":"publish","type":"product","link":"https:\/\/evocoffeefood.com\/?product=fincan-cay","title":{"rendered":"Fincan \u00c7ay"},"content":{"rendered":"<p>Fincan \u00c7ay, \u00f6zenle demlenen kaliteli \u00e7ay yapraklar\u0131n\u0131n porselen fincanda servis edilmesiyle sunulan klasik bir s\u0131cak i\u00e7ecektir. Dengeli aromas\u0131 ve yumu\u015fak i\u00e7imi sayesinde g\u00fcn\u00fcn her saatinde keyifle t\u00fcketilebilir.<\/p>\n","protected":false},"excerpt":{"rendered":"<p>Porselen fincanda servis edilen demleme T\u00fcrk \u00e7ay\u0131.<\/p>\n","protected":false},"featured_media":718,"template":"","meta":[],"product_brand":[60],"product_cat":[46,33,44],"product_tag":[122,127,128,124,123],"class_list":{"0":"post-717","1":"product","2":"type-product","3":"status-publish","4":"has-post-thumbnail","6":"product_brand-evocoffeefood","7":"product_cat-diger-icecekler","8":"product_cat-sicak-icecekler","9":"product_cat-urunler","10":"product_tag-demleme-cay","11":"product_tag-fincan-cay","12":"product_tag-porselen-fincan-cay","13":"product_tag-sicak-cay","14":"product_tag-turk-cayi","16":"first","17":"instock","18":"shipping-taxable","19":"product-type-simple"},"_links":{"self":[{"href":"https:\/\/evocoffeefood.com\/index.php?rest_route=\/wp\/v2\/product\/717","targetHints":{"allow":["GET"]}}],"collection":[{"href":"https:\/\/evocoffeefood.com\/index.php?rest_route=\/wp\/v2\/product"}],"about":[{"href":"https:\/\/evocoffeefood.com\/index.php?rest_route=\/wp\/v2\/types\/product"}],"wp:featuredmedia":[{"embeddable":true,"href":"https:\/\/evocoffeefood.com\/index.php?rest_route=\/wp\/v2\/media\/718"}],"wp:attachment":[{"href":"https:\/\/evocoffeefood.com\/index.php?rest_route=%2Fwp%2Fv2%2Fmedia&parent=717"}],"wp:term":[{"taxonomy":"product_brand","embeddable":true,"href":"https:\/\/evocoffeefood.com\/index.php?rest_route=%2Fwp%2Fv2%2Fproduct_brand&post=717"},{"taxonomy":"product_cat","embeddable":true,"href":"https:\/\/evocoffeefood.com\/index.php?rest_route=%2Fwp%2Fv2%2Fproduct_cat&post=717"},{"taxonomy":"product_tag","embeddable":true,"href":"https:\/\/evocoffeefood.com\/index.php?rest_route=%2Fwp%2Fv2%2Fproduct_tag&post=717"}],"curies":[{"name":"wp","href":"https:\/\/api.w.org\/{rel}","templated":true}]}}