{"id":723,"date":"2026-03-11T19:32:01","date_gmt":"2026-03-11T19:32:01","guid":{"rendered":"https:\/\/evocoffeefood.com\/?post_type=product&#038;p=723"},"modified":"2026-03-11T19:32:01","modified_gmt":"2026-03-11T19:32:01","slug":"sicak-cikolata","status":"publish","type":"product","link":"https:\/\/evocoffeefood.com\/?product=sicak-cikolata","title":{"rendered":"S\u0131cak \u00c7ikolata"},"content":{"rendered":"<p data-start=\"421\" data-end=\"642\">S\u0131cak \u00c7ikolata, kaliteli \u00e7ikolata ve s\u0131cak s\u00fct ile haz\u0131rlanan yo\u011fun aromal\u0131 bir i\u00e7ecektir. Kremsi dokusu ve zengin \u00e7ikolata tad\u0131 sayesinde \u00f6zellikle so\u011fuk havalarda keyifle t\u00fcketilen en sevilen s\u0131cak i\u00e7eceklerden biridir.<\/p>\n","protected":false},"excerpt":{"rendered":"<p>S\u0131cak s\u00fct ve \u00e7ikolata ile haz\u0131rlanan yo\u011fun aromal\u0131 s\u0131cak \u00e7ikolata.<\/p>\n","protected":false},"featured_media":724,"template":"","meta":[],"product_brand":[60],"product_cat":[33,44],"product_tag":[126,120,119,143,141,140,139,142],"class_list":{"0":"post-723","1":"product","2":"type-product","3":"status-publish","4":"has-post-thumbnail","6":"product_brand-evocoffeefood","7":"product_cat-sicak-icecekler","8":"product_cat-urunler","9":"product_tag-56lar","10":"product_tag-56lar-kafe","11":"product_tag-56lar-kahve","12":"product_tag-cikolata-icecegi","13":"product_tag-cikolatali-icecek","14":"product_tag-hot-chocolate","15":"product_tag-sicak-cikolata","16":"product_tag-sicak-kakao","18":"first","19":"instock","20":"shipping-taxable","21":"product-type-simple"},"_links":{"self":[{"href":"https:\/\/evocoffeefood.com\/index.php?rest_route=\/wp\/v2\/product\/723","targetHints":{"allow":["GET"]}}],"collection":[{"href":"https:\/\/evocoffeefood.com\/index.php?rest_route=\/wp\/v2\/product"}],"about":[{"href":"https:\/\/evocoffeefood.com\/index.php?rest_route=\/wp\/v2\/types\/product"}],"wp:featuredmedia":[{"embeddable":true,"href":"https:\/\/evocoffeefood.com\/index.php?rest_route=\/wp\/v2\/media\/724"}],"wp:attachment":[{"href":"https:\/\/evocoffeefood.com\/index.php?rest_route=%2Fwp%2Fv2%2Fmedia&parent=723"}],"wp:term":[{"taxonomy":"product_brand","embeddable":true,"href":"https:\/\/evocoffeefood.com\/index.php?rest_route=%2Fwp%2Fv2%2Fproduct_brand&post=723"},{"taxonomy":"product_cat","embeddable":true,"href":"https:\/\/evocoffeefood.com\/index.php?rest_route=%2Fwp%2Fv2%2Fproduct_cat&post=723"},{"taxonomy":"product_tag","embeddable":true,"href":"https:\/\/evocoffeefood.com\/index.php?rest_route=%2Fwp%2Fv2%2Fproduct_tag&post=723"}],"curies":[{"name":"wp","href":"https:\/\/api.w.org\/{rel}","templated":true}]}}