{"id":727,"date":"2026-03-11T19:36:35","date_gmt":"2026-03-11T19:36:35","guid":{"rendered":"https:\/\/evocoffeefood.com\/?post_type=product&#038;p=727"},"modified":"2026-03-11T19:42:55","modified_gmt":"2026-03-11T19:42:55","slug":"meyveli-sut-cilekli","status":"publish","type":"product","link":"https:\/\/evocoffeefood.com\/?product=meyveli-sut-cilekli","title":{"rendered":"Meyveli S\u00fct (\u00c7ilekli)"},"content":{"rendered":"<p>Meyveli S\u00fct (\u00c7ilekli), taze s\u00fct ve \u00e7ilek aromas\u0131 ile haz\u0131rlanan ferahlat\u0131c\u0131 ve hafif tatl\u0131 bir i\u00e7ecektir. Yumu\u015fak i\u00e7imi ve meyve aromas\u0131 sayesinde \u00f6zellikle s\u00fctl\u00fc i\u00e7ecekleri sevenler i\u00e7in keyifli bir alternatiftir.<\/p>\n","protected":false},"excerpt":{"rendered":"<p>\u00c7ilek aromas\u0131 ile haz\u0131rlanan meyveli s\u00fct i\u00e7ece\u011fi.<\/p>\n","protected":false},"featured_media":732,"template":"","meta":[],"product_brand":[60],"product_cat":[46,33,44],"product_tag":[151,150,148,149],"class_list":{"0":"post-727","1":"product","2":"type-product","3":"status-publish","4":"has-post-thumbnail","6":"product_brand-evocoffeefood","7":"product_cat-diger-icecekler","8":"product_cat-sicak-icecekler","9":"product_cat-urunler","10":"product_tag-cilek-aromali-sut","11":"product_tag-cilekli-icecek","12":"product_tag-cilekli-sut","13":"product_tag-meyveli-sut","15":"first","16":"instock","17":"shipping-taxable","18":"product-type-simple"},"_links":{"self":[{"href":"https:\/\/evocoffeefood.com\/index.php?rest_route=\/wp\/v2\/product\/727","targetHints":{"allow":["GET"]}}],"collection":[{"href":"https:\/\/evocoffeefood.com\/index.php?rest_route=\/wp\/v2\/product"}],"about":[{"href":"https:\/\/evocoffeefood.com\/index.php?rest_route=\/wp\/v2\/types\/product"}],"wp:featuredmedia":[{"embeddable":true,"href":"https:\/\/evocoffeefood.com\/index.php?rest_route=\/wp\/v2\/media\/732"}],"wp:attachment":[{"href":"https:\/\/evocoffeefood.com\/index.php?rest_route=%2Fwp%2Fv2%2Fmedia&parent=727"}],"wp:term":[{"taxonomy":"product_brand","embeddable":true,"href":"https:\/\/evocoffeefood.com\/index.php?rest_route=%2Fwp%2Fv2%2Fproduct_brand&post=727"},{"taxonomy":"product_cat","embeddable":true,"href":"https:\/\/evocoffeefood.com\/index.php?rest_route=%2Fwp%2Fv2%2Fproduct_cat&post=727"},{"taxonomy":"product_tag","embeddable":true,"href":"https:\/\/evocoffeefood.com\/index.php?rest_route=%2Fwp%2Fv2%2Fproduct_tag&post=727"}],"curies":[{"name":"wp","href":"https:\/\/api.w.org\/{rel}","templated":true}]}}