{"id":734,"date":"2026-03-12T13:25:21","date_gmt":"2026-03-12T13:25:21","guid":{"rendered":"https:\/\/evocoffeefood.com\/?post_type=product&#038;p=734"},"modified":"2026-03-12T13:25:21","modified_gmt":"2026-03-12T13:25:21","slug":"ice-filtre","status":"publish","type":"product","link":"https:\/\/evocoffeefood.com\/?product=ice-filtre","title":{"rendered":"Ice Filtre"},"content":{"rendered":"<p>Iced Filtre Kahve, \u00f6zenle demlenen filtre kahvenin buz ile bulu\u015fmas\u0131yla haz\u0131rlanan ferahlat\u0131c\u0131 bir kahve \u00e7e\u015fididir. Dengeli aromas\u0131, yumu\u015fak i\u00e7imi ve serinletici etkisi sayesinde \u00f6zellikle so\u011fuk kahve sevenler i\u00e7in ideal bir tercihtir.<\/p>\n","protected":false},"excerpt":{"rendered":"<p data-start=\"731\" data-end=\"778\">Buz ile servis edilen ferahlat\u0131c\u0131 filtre kahve.<\/p>\n","protected":false},"featured_media":735,"template":"","meta":[],"product_brand":[60],"product_cat":[46,37,34,44],"product_tag":[120,119,161,162,158,61,159,160],"class_list":{"0":"post-734","1":"product","2":"type-product","3":"status-publish","4":"has-post-thumbnail","6":"product_brand-evocoffeefood","7":"product_cat-diger-icecekler","8":"product_cat-soguk-icecekler","9":"product_cat-soguk-kahveler","10":"product_cat-urunler","11":"product_tag-56lar-kafe","12":"product_tag-56lar-kahve","13":"product_tag-buzlu-filtre-kahve","14":"product_tag-cold-filter-coffee","15":"product_tag-filtre","16":"product_tag-filtre-kahve","17":"product_tag-iced-filtre-kahve","18":"product_tag-soguk-filtre-kahve","20":"first","21":"instock","22":"shipping-taxable","23":"product-type-simple"},"_links":{"self":[{"href":"https:\/\/evocoffeefood.com\/index.php?rest_route=\/wp\/v2\/product\/734","targetHints":{"allow":["GET"]}}],"collection":[{"href":"https:\/\/evocoffeefood.com\/index.php?rest_route=\/wp\/v2\/product"}],"about":[{"href":"https:\/\/evocoffeefood.com\/index.php?rest_route=\/wp\/v2\/types\/product"}],"wp:featuredmedia":[{"embeddable":true,"href":"https:\/\/evocoffeefood.com\/index.php?rest_route=\/wp\/v2\/media\/735"}],"wp:attachment":[{"href":"https:\/\/evocoffeefood.com\/index.php?rest_route=%2Fwp%2Fv2%2Fmedia&parent=734"}],"wp:term":[{"taxonomy":"product_brand","embeddable":true,"href":"https:\/\/evocoffeefood.com\/index.php?rest_route=%2Fwp%2Fv2%2Fproduct_brand&post=734"},{"taxonomy":"product_cat","embeddable":true,"href":"https:\/\/evocoffeefood.com\/index.php?rest_route=%2Fwp%2Fv2%2Fproduct_cat&post=734"},{"taxonomy":"product_tag","embeddable":true,"href":"https:\/\/evocoffeefood.com\/index.php?rest_route=%2Fwp%2Fv2%2Fproduct_tag&post=734"}],"curies":[{"name":"wp","href":"https:\/\/api.w.org\/{rel}","templated":true}]}}