{"id":736,"date":"2026-03-12T15:54:07","date_gmt":"2026-03-12T15:54:07","guid":{"rendered":"https:\/\/evocoffeefood.com\/?post_type=product&#038;p=736"},"modified":"2026-03-12T15:54:07","modified_gmt":"2026-03-12T15:54:07","slug":"ice-caramel-macchiato","status":"publish","type":"product","link":"https:\/\/evocoffeefood.com\/?product=ice-caramel-macchiato","title":{"rendered":"Ice Caramel Macchiato"},"content":{"rendered":"<p data-start=\"385\" data-end=\"634\">Ice Caramel Macchiato, buz \u00fczerine eklenen so\u011fuk s\u00fct ve Lavazza espresso ile haz\u0131rlanan ferahlat\u0131c\u0131 bir kahve \u00e7e\u015fididir. \u00dczerine eklenen karamel sos ile zenginle\u015fen aromas\u0131 sayesinde yaz aylar\u0131nda keyifle t\u00fcketilen pop\u00fcler so\u011fuk kahvelerden biridir.<\/p>\n","protected":false},"excerpt":{"rendered":"<p data-start=\"665\" data-end=\"738\">Buz, s\u00fct, espresso ve karamel sos ile haz\u0131rlanan ferahlat\u0131c\u0131 so\u011fuk kahve.<\/p>\n","protected":false},"featured_media":737,"template":"","meta":[],"product_brand":[60],"product_cat":[46,45,37,34,44],"product_tag":[167,163,165,164,166],"class_list":{"0":"post-736","1":"product","2":"type-product","3":"status-publish","4":"has-post-thumbnail","6":"product_brand-evocoffeefood","7":"product_cat-diger-icecekler","8":"product_cat-kahveler","9":"product_cat-soguk-icecekler","10":"product_cat-soguk-kahveler","11":"product_cat-urunler","12":"product_tag-buzlu-kahve","13":"product_tag-ice-caramel-macchiato","14":"product_tag-iced-caramel-macchiato","15":"product_tag-karamelli-soguk-kahve","16":"product_tag-soguk-latte","18":"first","19":"instock","20":"shipping-taxable","21":"product-type-simple"},"_links":{"self":[{"href":"https:\/\/evocoffeefood.com\/index.php?rest_route=\/wp\/v2\/product\/736","targetHints":{"allow":["GET"]}}],"collection":[{"href":"https:\/\/evocoffeefood.com\/index.php?rest_route=\/wp\/v2\/product"}],"about":[{"href":"https:\/\/evocoffeefood.com\/index.php?rest_route=\/wp\/v2\/types\/product"}],"wp:featuredmedia":[{"embeddable":true,"href":"https:\/\/evocoffeefood.com\/index.php?rest_route=\/wp\/v2\/media\/737"}],"wp:attachment":[{"href":"https:\/\/evocoffeefood.com\/index.php?rest_route=%2Fwp%2Fv2%2Fmedia&parent=736"}],"wp:term":[{"taxonomy":"product_brand","embeddable":true,"href":"https:\/\/evocoffeefood.com\/index.php?rest_route=%2Fwp%2Fv2%2Fproduct_brand&post=736"},{"taxonomy":"product_cat","embeddable":true,"href":"https:\/\/evocoffeefood.com\/index.php?rest_route=%2Fwp%2Fv2%2Fproduct_cat&post=736"},{"taxonomy":"product_tag","embeddable":true,"href":"https:\/\/evocoffeefood.com\/index.php?rest_route=%2Fwp%2Fv2%2Fproduct_tag&post=736"}],"curies":[{"name":"wp","href":"https:\/\/api.w.org\/{rel}","templated":true}]}}