{"id":742,"date":"2026-03-12T16:27:39","date_gmt":"2026-03-12T16:27:39","guid":{"rendered":"https:\/\/evocoffeefood.com\/?post_type=product&#038;p=742"},"modified":"2026-03-12T16:27:40","modified_gmt":"2026-03-12T16:27:40","slug":"ice-latte","status":"publish","type":"product","link":"https:\/\/evocoffeefood.com\/?product=ice-latte","title":{"rendered":"Ice Latte"},"content":{"rendered":"<p>Ice Latte, buz \u00fczerine eklenen so\u011fuk s\u00fct ve Lavazza espresso ile haz\u0131rlanan ferahlat\u0131c\u0131 bir kahve \u00e7e\u015fididir. Dengeli kahve aromas\u0131 ve yumu\u015fak i\u00e7imi sayesinde \u00f6zellikle s\u0131cak havalarda keyifle t\u00fcketilen en pop\u00fcler so\u011fuk kahvelerden biridir.<\/p>\n","protected":false},"excerpt":{"rendered":"<p>Buz, s\u00fct ve espresso ile haz\u0131rlanan ferahlat\u0131c\u0131 so\u011fuk latte.<\/p>\n","protected":false},"featured_media":743,"template":"","meta":[],"product_brand":[60],"product_cat":[46,45,37,34,44],"product_tag":[120,119,177,175,176,171],"class_list":{"0":"post-742","1":"product","2":"type-product","3":"status-publish","4":"has-post-thumbnail","6":"product_brand-evocoffeefood","7":"product_cat-diger-icecekler","8":"product_cat-kahveler","9":"product_cat-soguk-icecekler","10":"product_cat-soguk-kahveler","11":"product_cat-urunler","12":"product_tag-56lar-kafe","13":"product_tag-56lar-kahve","14":"product_tag-buzlu-latte","15":"product_tag-ice-latte","16":"product_tag-iced-latte","17":"product_tag-soguk-kahve","19":"first","20":"instock","21":"shipping-taxable","22":"product-type-simple"},"_links":{"self":[{"href":"https:\/\/evocoffeefood.com\/index.php?rest_route=\/wp\/v2\/product\/742","targetHints":{"allow":["GET"]}}],"collection":[{"href":"https:\/\/evocoffeefood.com\/index.php?rest_route=\/wp\/v2\/product"}],"about":[{"href":"https:\/\/evocoffeefood.com\/index.php?rest_route=\/wp\/v2\/types\/product"}],"wp:featuredmedia":[{"embeddable":true,"href":"https:\/\/evocoffeefood.com\/index.php?rest_route=\/wp\/v2\/media\/743"}],"wp:attachment":[{"href":"https:\/\/evocoffeefood.com\/index.php?rest_route=%2Fwp%2Fv2%2Fmedia&parent=742"}],"wp:term":[{"taxonomy":"product_brand","embeddable":true,"href":"https:\/\/evocoffeefood.com\/index.php?rest_route=%2Fwp%2Fv2%2Fproduct_brand&post=742"},{"taxonomy":"product_cat","embeddable":true,"href":"https:\/\/evocoffeefood.com\/index.php?rest_route=%2Fwp%2Fv2%2Fproduct_cat&post=742"},{"taxonomy":"product_tag","embeddable":true,"href":"https:\/\/evocoffeefood.com\/index.php?rest_route=%2Fwp%2Fv2%2Fproduct_tag&post=742"}],"curies":[{"name":"wp","href":"https:\/\/api.w.org\/{rel}","templated":true}]}}