{"id":747,"date":"2026-03-14T07:44:06","date_gmt":"2026-03-14T07:44:06","guid":{"rendered":"https:\/\/evocoffeefood.com\/?post_type=product&#038;p=747"},"modified":"2026-03-14T07:44:16","modified_gmt":"2026-03-14T07:44:16","slug":"ice-white-chocolate-mocha","status":"publish","type":"product","link":"https:\/\/evocoffeefood.com\/?product=ice-white-chocolate-mocha","title":{"rendered":"Ice White Chocolate Mocha"},"content":{"rendered":"<p>Double espresso, s\u00fct ve beyaz \u00e7ikolata aromas\u0131 so\u011fuk haliyle haz\u0131rlan\u0131r<\/p>\n","protected":false},"excerpt":{"rendered":"<p>Double espresso, s\u00fct ve beyaz \u00e7ikolata aromas\u0131 so\u011fuk haliyle haz\u0131rlan\u0131r<\/p>\n","protected":false},"featured_media":0,"template":"","meta":[],"product_brand":[60],"product_cat":[46,45,37,34,44],"product_tag":[],"class_list":{"0":"post-747","1":"product","2":"type-product","3":"status-publish","5":"product_brand-evocoffeefood","6":"product_cat-diger-icecekler","7":"product_cat-kahveler","8":"product_cat-soguk-icecekler","9":"product_cat-soguk-kahveler","10":"product_cat-urunler","12":"first","13":"instock","14":"shipping-taxable","15":"product-type-simple"},"_links":{"self":[{"href":"https:\/\/evocoffeefood.com\/index.php?rest_route=\/wp\/v2\/product\/747","targetHints":{"allow":["GET"]}}],"collection":[{"href":"https:\/\/evocoffeefood.com\/index.php?rest_route=\/wp\/v2\/product"}],"about":[{"href":"https:\/\/evocoffeefood.com\/index.php?rest_route=\/wp\/v2\/types\/product"}],"wp:attachment":[{"href":"https:\/\/evocoffeefood.com\/index.php?rest_route=%2Fwp%2Fv2%2Fmedia&parent=747"}],"wp:term":[{"taxonomy":"product_brand","embeddable":true,"href":"https:\/\/evocoffeefood.com\/index.php?rest_route=%2Fwp%2Fv2%2Fproduct_brand&post=747"},{"taxonomy":"product_cat","embeddable":true,"href":"https:\/\/evocoffeefood.com\/index.php?rest_route=%2Fwp%2Fv2%2Fproduct_cat&post=747"},{"taxonomy":"product_tag","embeddable":true,"href":"https:\/\/evocoffeefood.com\/index.php?rest_route=%2Fwp%2Fv2%2Fproduct_tag&post=747"}],"curies":[{"name":"wp","href":"https:\/\/api.w.org\/{rel}","templated":true}]}}