{"id":752,"date":"2026-03-14T07:47:16","date_gmt":"2026-03-14T07:47:16","guid":{"rendered":"https:\/\/evocoffeefood.com\/?post_type=product&#038;p=752"},"modified":"2026-03-14T07:47:16","modified_gmt":"2026-03-14T07:47:16","slug":"iglu-cikolata","status":"publish","type":"product","link":"https:\/\/evocoffeefood.com\/?product=iglu-cikolata","title":{"rendered":"\u0130glu \u00c7ikolata"},"content":{"rendered":"<div id=\"i-245972\" class=\"item-box                                         item-box-image                     \">\n<div class=\"item-content\">\n<div class=\"primary-content\">\n<p>Double espresso, s\u00fct, iglu \u00e7ikolatas\u0131 tozu ve buz blenderda so\u011fuk olarak haz\u0131rlan\u0131r<\/p>\n<\/div>\n<\/div>\n<\/div>\n<div id=\"i-245973\" class=\"item-box                                                             \">\n<div class=\"item-content\">\n<div class=\"primary-content\">\n<div class=\"primary-head\">\n<div class=\"primary-headtext\"><\/div>\n<\/div>\n<\/div>\n<\/div>\n<\/div>\n","protected":false},"excerpt":{"rendered":"<p>Double espresso, s\u00fct, iglu \u00e7ikolatas\u0131 tozu ve buz blenderda so\u011fuk olarak haz\u0131rlan\u0131r<\/p>\n","protected":false},"featured_media":753,"template":"","meta":[],"product_brand":[60],"product_cat":[46,45,37,34,44],"product_tag":[],"class_list":{"0":"post-752","1":"product","2":"type-product","3":"status-publish","4":"has-post-thumbnail","6":"product_brand-evocoffeefood","7":"product_cat-diger-icecekler","8":"product_cat-kahveler","9":"product_cat-soguk-icecekler","10":"product_cat-soguk-kahveler","11":"product_cat-urunler","13":"first","14":"instock","15":"shipping-taxable","16":"product-type-simple"},"_links":{"self":[{"href":"https:\/\/evocoffeefood.com\/index.php?rest_route=\/wp\/v2\/product\/752","targetHints":{"allow":["GET"]}}],"collection":[{"href":"https:\/\/evocoffeefood.com\/index.php?rest_route=\/wp\/v2\/product"}],"about":[{"href":"https:\/\/evocoffeefood.com\/index.php?rest_route=\/wp\/v2\/types\/product"}],"wp:featuredmedia":[{"embeddable":true,"href":"https:\/\/evocoffeefood.com\/index.php?rest_route=\/wp\/v2\/media\/753"}],"wp:attachment":[{"href":"https:\/\/evocoffeefood.com\/index.php?rest_route=%2Fwp%2Fv2%2Fmedia&parent=752"}],"wp:term":[{"taxonomy":"product_brand","embeddable":true,"href":"https:\/\/evocoffeefood.com\/index.php?rest_route=%2Fwp%2Fv2%2Fproduct_brand&post=752"},{"taxonomy":"product_cat","embeddable":true,"href":"https:\/\/evocoffeefood.com\/index.php?rest_route=%2Fwp%2Fv2%2Fproduct_cat&post=752"},{"taxonomy":"product_tag","embeddable":true,"href":"https:\/\/evocoffeefood.com\/index.php?rest_route=%2Fwp%2Fv2%2Fproduct_tag&post=752"}],"curies":[{"name":"wp","href":"https:\/\/api.w.org\/{rel}","templated":true}]}}