{"id":767,"date":"2026-03-14T07:58:03","date_gmt":"2026-03-14T07:58:03","guid":{"rendered":"https:\/\/evocoffeefood.com\/?post_type=product&#038;p=767"},"modified":"2026-03-14T07:58:03","modified_gmt":"2026-03-14T07:58:03","slug":"tagliatelle-fettuccine","status":"publish","type":"product","link":"https:\/\/evocoffeefood.com\/?product=tagliatelle-fettuccine","title":{"rendered":"Tagliatelle  Fettuccine"},"content":{"rendered":"<div id=\"i-246456\" class=\"item-box                                         item-box-image                     \">\n<div class=\"item-content\">\n<div class=\"primary-content\">\n<p>L\u00fctfen sos se\u00e7ene\u011fi belirtiniz; Domates sos, Arrabbiata sos, Krema pesto sos, Krema mantar sos<\/p>\n<\/div>\n<\/div>\n<\/div>\n<div id=\"i-246454\" class=\"item-box                                         item-box-image                     \"><\/div>\n","protected":false},"excerpt":{"rendered":"<p>L\u00fctfen sos se\u00e7ene\u011fi belirtiniz; Domates sos, Arrabbiata sos, Krema pesto sos, Krema mantar sos<\/p>\n","protected":false},"featured_media":768,"template":"","meta":[],"product_brand":[60],"product_cat":[38],"product_tag":[],"class_list":{"0":"post-767","1":"product","2":"type-product","3":"status-publish","4":"has-post-thumbnail","6":"product_brand-evocoffeefood","7":"product_cat-pizzalar-ve-makarnalar","9":"first","10":"instock","11":"shipping-taxable","12":"product-type-simple"},"_links":{"self":[{"href":"https:\/\/evocoffeefood.com\/index.php?rest_route=\/wp\/v2\/product\/767","targetHints":{"allow":["GET"]}}],"collection":[{"href":"https:\/\/evocoffeefood.com\/index.php?rest_route=\/wp\/v2\/product"}],"about":[{"href":"https:\/\/evocoffeefood.com\/index.php?rest_route=\/wp\/v2\/types\/product"}],"wp:featuredmedia":[{"embeddable":true,"href":"https:\/\/evocoffeefood.com\/index.php?rest_route=\/wp\/v2\/media\/768"}],"wp:attachment":[{"href":"https:\/\/evocoffeefood.com\/index.php?rest_route=%2Fwp%2Fv2%2Fmedia&parent=767"}],"wp:term":[{"taxonomy":"product_brand","embeddable":true,"href":"https:\/\/evocoffeefood.com\/index.php?rest_route=%2Fwp%2Fv2%2Fproduct_brand&post=767"},{"taxonomy":"product_cat","embeddable":true,"href":"https:\/\/evocoffeefood.com\/index.php?rest_route=%2Fwp%2Fv2%2Fproduct_cat&post=767"},{"taxonomy":"product_tag","embeddable":true,"href":"https:\/\/evocoffeefood.com\/index.php?rest_route=%2Fwp%2Fv2%2Fproduct_tag&post=767"}],"curies":[{"name":"wp","href":"https:\/\/api.w.org\/{rel}","templated":true}]}}