{"id":785,"date":"2026-03-14T08:45:44","date_gmt":"2026-03-14T08:45:44","guid":{"rendered":"https:\/\/evocoffeefood.com\/?post_type=product&#038;p=785"},"modified":"2026-03-14T08:45:44","modified_gmt":"2026-03-14T08:45:44","slug":"karisik-tost-cips","status":"publish","type":"product","link":"https:\/\/evocoffeefood.com\/?product=karisik-tost-cips","title":{"rendered":"Kar\u0131\u015f\u0131k Tost + Cips"},"content":{"rendered":"","protected":false},"excerpt":{"rendered":"","protected":false},"featured_media":0,"template":"","meta":[],"product_brand":[60],"product_cat":[15,47,39],"product_tag":[],"class_list":{"0":"post-785","1":"product","2":"type-product","3":"status-publish","5":"product_brand-evocoffeefood","6":"product_cat-genel","7":"product_cat-kahvalti-atistirmalik","8":"product_cat-kahvaltilar","10":"first","11":"instock","12":"shipping-taxable","13":"product-type-simple"},"_links":{"self":[{"href":"https:\/\/evocoffeefood.com\/index.php?rest_route=\/wp\/v2\/product\/785","targetHints":{"allow":["GET"]}}],"collection":[{"href":"https:\/\/evocoffeefood.com\/index.php?rest_route=\/wp\/v2\/product"}],"about":[{"href":"https:\/\/evocoffeefood.com\/index.php?rest_route=\/wp\/v2\/types\/product"}],"wp:attachment":[{"href":"https:\/\/evocoffeefood.com\/index.php?rest_route=%2Fwp%2Fv2%2Fmedia&parent=785"}],"wp:term":[{"taxonomy":"product_brand","embeddable":true,"href":"https:\/\/evocoffeefood.com\/index.php?rest_route=%2Fwp%2Fv2%2Fproduct_brand&post=785"},{"taxonomy":"product_cat","embeddable":true,"href":"https:\/\/evocoffeefood.com\/index.php?rest_route=%2Fwp%2Fv2%2Fproduct_cat&post=785"},{"taxonomy":"product_tag","embeddable":true,"href":"https:\/\/evocoffeefood.com\/index.php?rest_route=%2Fwp%2Fv2%2Fproduct_tag&post=785"}],"curies":[{"name":"wp","href":"https:\/\/api.w.org\/{rel}","templated":true}]}}