{"id":861,"date":"2026-03-15T08:29:16","date_gmt":"2026-03-15T08:29:16","guid":{"rendered":"https:\/\/evocoffeefood.com\/?post_type=product&#038;p=861"},"modified":"2026-03-15T08:29:17","modified_gmt":"2026-03-15T08:29:17","slug":"klasik-marlenka","status":"publish","type":"product","link":"https:\/\/evocoffeefood.com\/?product=klasik-marlenka","title":{"rendered":"Klasik Marlenka"},"content":{"rendered":"<div id=\"i-246510\" class=\"item-box                                         item-box-image                     \">\n<div class=\"item-content\">\n<div class=\"primary-content\">\n<p>Orjinal \u00c7ek tatl\u0131s\u0131 olan marlenka s\u0131cak sunumu yan\u0131nda s\u00fct ve dondurma ile<\/p>\n<\/div>\n<\/div>\n<\/div>\n<div id=\"i-246511\" class=\"item-box                                         item-box-image                     \"><\/div>\n","protected":false},"excerpt":{"rendered":"<div id=\"i-246510\" class=\"item-box                                         item-box-image                     \">\n<div class=\"item-content\">\n<div class=\"primary-content\">\n<p>Orjinal \u00c7ek tatl\u0131s\u0131 olan marlenka s\u0131cak sunumu yan\u0131nda s\u00fct ve dondurma ile<\/p>\n<\/div>\n<\/div>\n<\/div>\n<div id=\"i-246511\" class=\"item-box                                         item-box-image                     \"><\/div>\n","protected":false},"featured_media":862,"template":"","meta":[],"product_brand":[60],"product_cat":[42,44],"product_tag":[],"class_list":{"0":"post-861","1":"product","2":"type-product","3":"status-publish","4":"has-post-thumbnail","6":"product_brand-evocoffeefood","7":"product_cat-tatlilar-ve-pastalar","8":"product_cat-urunler","10":"first","11":"instock","12":"shipping-taxable","13":"product-type-simple"},"_links":{"self":[{"href":"https:\/\/evocoffeefood.com\/index.php?rest_route=\/wp\/v2\/product\/861","targetHints":{"allow":["GET"]}}],"collection":[{"href":"https:\/\/evocoffeefood.com\/index.php?rest_route=\/wp\/v2\/product"}],"about":[{"href":"https:\/\/evocoffeefood.com\/index.php?rest_route=\/wp\/v2\/types\/product"}],"wp:featuredmedia":[{"embeddable":true,"href":"https:\/\/evocoffeefood.com\/index.php?rest_route=\/wp\/v2\/media\/862"}],"wp:attachment":[{"href":"https:\/\/evocoffeefood.com\/index.php?rest_route=%2Fwp%2Fv2%2Fmedia&parent=861"}],"wp:term":[{"taxonomy":"product_brand","embeddable":true,"href":"https:\/\/evocoffeefood.com\/index.php?rest_route=%2Fwp%2Fv2%2Fproduct_brand&post=861"},{"taxonomy":"product_cat","embeddable":true,"href":"https:\/\/evocoffeefood.com\/index.php?rest_route=%2Fwp%2Fv2%2Fproduct_cat&post=861"},{"taxonomy":"product_tag","embeddable":true,"href":"https:\/\/evocoffeefood.com\/index.php?rest_route=%2Fwp%2Fv2%2Fproduct_tag&post=861"}],"curies":[{"name":"wp","href":"https:\/\/api.w.org\/{rel}","templated":true}]}}