{"id":869,"date":"2026-03-15T08:35:49","date_gmt":"2026-03-15T08:35:49","guid":{"rendered":"https:\/\/evocoffeefood.com\/?post_type=product&#038;p=869"},"modified":"2026-03-15T08:35:49","modified_gmt":"2026-03-15T08:35:49","slug":"madalyon-sutlu-cup","status":"publish","type":"product","link":"https:\/\/evocoffeefood.com\/?product=madalyon-sutlu-cup","title":{"rendered":"Madalyon S\u00fctl\u00fc Cup"},"content":{"rendered":"<p>Tabanda pastac\u0131 kremas\u0131 ve kek i\u00e7erisinde meyveler, \u00f6zel beyaz sos ve beyaz \u00e7ikolata<\/p>\n","protected":false},"excerpt":{"rendered":"<p>Tabanda pastac\u0131 kremas\u0131 ve kek i\u00e7erisinde meyveler, \u00f6zel beyaz sos ve beyaz \u00e7ikolata<\/p>\n","protected":false},"featured_media":870,"template":"","meta":[],"product_brand":[60],"product_cat":[42,44],"product_tag":[],"class_list":{"0":"post-869","1":"product","2":"type-product","3":"status-publish","4":"has-post-thumbnail","6":"product_brand-evocoffeefood","7":"product_cat-tatlilar-ve-pastalar","8":"product_cat-urunler","10":"first","11":"instock","12":"shipping-taxable","13":"product-type-simple"},"_links":{"self":[{"href":"https:\/\/evocoffeefood.com\/index.php?rest_route=\/wp\/v2\/product\/869","targetHints":{"allow":["GET"]}}],"collection":[{"href":"https:\/\/evocoffeefood.com\/index.php?rest_route=\/wp\/v2\/product"}],"about":[{"href":"https:\/\/evocoffeefood.com\/index.php?rest_route=\/wp\/v2\/types\/product"}],"wp:featuredmedia":[{"embeddable":true,"href":"https:\/\/evocoffeefood.com\/index.php?rest_route=\/wp\/v2\/media\/870"}],"wp:attachment":[{"href":"https:\/\/evocoffeefood.com\/index.php?rest_route=%2Fwp%2Fv2%2Fmedia&parent=869"}],"wp:term":[{"taxonomy":"product_brand","embeddable":true,"href":"https:\/\/evocoffeefood.com\/index.php?rest_route=%2Fwp%2Fv2%2Fproduct_brand&post=869"},{"taxonomy":"product_cat","embeddable":true,"href":"https:\/\/evocoffeefood.com\/index.php?rest_route=%2Fwp%2Fv2%2Fproduct_cat&post=869"},{"taxonomy":"product_tag","embeddable":true,"href":"https:\/\/evocoffeefood.com\/index.php?rest_route=%2Fwp%2Fv2%2Fproduct_tag&post=869"}],"curies":[{"name":"wp","href":"https:\/\/api.w.org\/{rel}","templated":true}]}}