{"id":891,"date":"2026-03-15T08:48:16","date_gmt":"2026-03-15T08:48:16","guid":{"rendered":"https:\/\/evocoffeefood.com\/?post_type=product&#038;p=891"},"modified":"2026-03-15T08:48:16","modified_gmt":"2026-03-15T08:48:16","slug":"sut","status":"publish","type":"product","link":"https:\/\/evocoffeefood.com\/?product=sut","title":{"rendered":"S\u00fct"},"content":{"rendered":"<div id=\"i-245548\" class=\"item-box                                         item-box-image                     \">\n<div class=\"item-content\">\n<div class=\"primary-content\">\n<p>\u00dcr\u00fcn\u00fcn\u00fcz\u00fcn yan\u0131na ek olarak s\u00fct ilave edilir.<\/p>\n<\/div>\n<\/div>\n<\/div>\n<div id=\"i-245549\" class=\"item-box                                         item-box-image                     \"><\/div>\n","protected":false},"excerpt":{"rendered":"<p>\u00dcr\u00fcn\u00fcn\u00fcz\u00fcn yan\u0131na ek olarak s\u00fct ilave edilir.<\/p>\n","protected":false},"featured_media":892,"template":"","meta":[],"product_brand":[60],"product_cat":[43,42,44],"product_tag":[],"class_list":{"0":"post-891","1":"product","2":"type-product","3":"status-publish","4":"has-post-thumbnail","6":"product_brand-evocoffeefood","7":"product_cat-dondurmalar-ve-ilave-tatlar","8":"product_cat-tatlilar-ve-pastalar","9":"product_cat-urunler","11":"first","12":"instock","13":"shipping-taxable","14":"product-type-simple"},"_links":{"self":[{"href":"https:\/\/evocoffeefood.com\/index.php?rest_route=\/wp\/v2\/product\/891","targetHints":{"allow":["GET"]}}],"collection":[{"href":"https:\/\/evocoffeefood.com\/index.php?rest_route=\/wp\/v2\/product"}],"about":[{"href":"https:\/\/evocoffeefood.com\/index.php?rest_route=\/wp\/v2\/types\/product"}],"wp:featuredmedia":[{"embeddable":true,"href":"https:\/\/evocoffeefood.com\/index.php?rest_route=\/wp\/v2\/media\/892"}],"wp:attachment":[{"href":"https:\/\/evocoffeefood.com\/index.php?rest_route=%2Fwp%2Fv2%2Fmedia&parent=891"}],"wp:term":[{"taxonomy":"product_brand","embeddable":true,"href":"https:\/\/evocoffeefood.com\/index.php?rest_route=%2Fwp%2Fv2%2Fproduct_brand&post=891"},{"taxonomy":"product_cat","embeddable":true,"href":"https:\/\/evocoffeefood.com\/index.php?rest_route=%2Fwp%2Fv2%2Fproduct_cat&post=891"},{"taxonomy":"product_tag","embeddable":true,"href":"https:\/\/evocoffeefood.com\/index.php?rest_route=%2Fwp%2Fv2%2Fproduct_tag&post=891"}],"curies":[{"name":"wp","href":"https:\/\/api.w.org\/{rel}","templated":true}]}}